{"id":478,"date":"2024-07-20T22:55:03","date_gmt":"2024-07-20T22:55:03","guid":{"rendered":"https:\/\/veteranmade.dk\/?post_type=product&#038;p=478"},"modified":"2024-07-20T22:55:03","modified_gmt":"2024-07-20T22:55:03","slug":"noeglering-m-valgfri-tekst","status":"publish","type":"product","link":"https:\/\/veteranmade.dk\/?product=noeglering-m-valgfri-tekst","title":{"rendered":"N\u00f8glering m. valgfri tekst"},"content":{"rendered":"<p>Den personlige gave til ham eller hende, der har det hele. <\/p>\n<p>L\u00e6der n\u00f8glering med valgfri tekst. Det er stort set kun fantasien, der s\u00e6tter gr\u00e6nser for hvad du vil have til at st\u00e5 p\u00e5 n\u00f8gleringen.<\/p>\n<p>Dog maks. 20 tegn inkl. mellemrum.<\/p>\n<p>Skriv den \u00f8nskede tekst i beskedfeltet ved betaling eller send os en mail p\u00e5 veteranmade.dk@gmail.com. Husk ordrenummer ved henvendelse p\u00e5 mail.<\/p>\n","protected":false},"excerpt":{"rendered":"<p>Den personlige gave til ham eller hende, der har det hele. L\u00e6der n\u00f8glering med valgfri tekst. Det er stort set kun fantasien, der s\u00e6tter gr\u00e6nser for hvad du vil have til at st\u00e5 p\u00e5 n\u00f8gleringen. &hellip;<\/p>\n","protected":false},"featured_media":494,"template":"","meta":[],"product_brand":[],"product_cat":[22],"product_tag":[],"class_list":{"0":"post-478","1":"product","2":"type-product","3":"status-publish","4":"has-post-thumbnail","6":"product_cat-gaveartikler","8":"first","9":"instock","10":"shipping-taxable","11":"purchasable","12":"product-type-variable"},"_links":{"self":[{"href":"https:\/\/veteranmade.dk\/index.php?rest_route=\/wp\/v2\/product\/478","targetHints":{"allow":["GET"]}}],"collection":[{"href":"https:\/\/veteranmade.dk\/index.php?rest_route=\/wp\/v2\/product"}],"about":[{"href":"https:\/\/veteranmade.dk\/index.php?rest_route=\/wp\/v2\/types\/product"}],"wp:featuredmedia":[{"embeddable":true,"href":"https:\/\/veteranmade.dk\/index.php?rest_route=\/wp\/v2\/media\/494"}],"wp:attachment":[{"href":"https:\/\/veteranmade.dk\/index.php?rest_route=%2Fwp%2Fv2%2Fmedia&parent=478"}],"wp:term":[{"taxonomy":"product_brand","embeddable":true,"href":"https:\/\/veteranmade.dk\/index.php?rest_route=%2Fwp%2Fv2%2Fproduct_brand&post=478"},{"taxonomy":"product_cat","embeddable":true,"href":"https:\/\/veteranmade.dk\/index.php?rest_route=%2Fwp%2Fv2%2Fproduct_cat&post=478"},{"taxonomy":"product_tag","embeddable":true,"href":"https:\/\/veteranmade.dk\/index.php?rest_route=%2Fwp%2Fv2%2Fproduct_tag&post=478"}],"curies":[{"name":"wp","href":"https:\/\/api.w.org\/{rel}","templated":true}]}}