{"id":327,"date":"2024-07-16T19:32:05","date_gmt":"2024-07-16T19:32:05","guid":{"rendered":"https:\/\/veteranmade.dk\/?post_type=product&#038;p=327"},"modified":"2024-07-20T22:55:42","modified_gmt":"2024-07-20T22:55:42","slug":"noeglering-fortrykt","status":"publish","type":"product","link":"https:\/\/veteranmade.dk\/?product=noeglering-fortrykt","title":{"rendered":"N\u00f8glering m. fortrykt tekst"},"content":{"rendered":"<p>H\u00e5ndlavet n\u00f8gleringe i l\u00e6der.<\/p>\n<p>Den perfekte gaveide til ham eller hende, der har det hele.<\/p>\n<p>Laves i 2,5 mm l\u00e6der<\/p>\n","protected":false},"excerpt":{"rendered":"<p>H\u00e5ndlavet n\u00f8gleringe i l\u00e6der. Den perfekte gaveide til ham eller hende, der har det hele. Laves i 2,5 mm l\u00e6der<\/p>\n","protected":false},"featured_media":472,"template":"","meta":[],"product_brand":[],"product_cat":[22],"product_tag":[],"class_list":{"0":"post-327","1":"product","2":"type-product","3":"status-publish","4":"has-post-thumbnail","6":"product_cat-gaveartikler","8":"first","9":"instock","10":"shipping-taxable","11":"purchasable","12":"product-type-variable"},"_links":{"self":[{"href":"https:\/\/veteranmade.dk\/index.php?rest_route=\/wp\/v2\/product\/327","targetHints":{"allow":["GET"]}}],"collection":[{"href":"https:\/\/veteranmade.dk\/index.php?rest_route=\/wp\/v2\/product"}],"about":[{"href":"https:\/\/veteranmade.dk\/index.php?rest_route=\/wp\/v2\/types\/product"}],"wp:featuredmedia":[{"embeddable":true,"href":"https:\/\/veteranmade.dk\/index.php?rest_route=\/wp\/v2\/media\/472"}],"wp:attachment":[{"href":"https:\/\/veteranmade.dk\/index.php?rest_route=%2Fwp%2Fv2%2Fmedia&parent=327"}],"wp:term":[{"taxonomy":"product_brand","embeddable":true,"href":"https:\/\/veteranmade.dk\/index.php?rest_route=%2Fwp%2Fv2%2Fproduct_brand&post=327"},{"taxonomy":"product_cat","embeddable":true,"href":"https:\/\/veteranmade.dk\/index.php?rest_route=%2Fwp%2Fv2%2Fproduct_cat&post=327"},{"taxonomy":"product_tag","embeddable":true,"href":"https:\/\/veteranmade.dk\/index.php?rest_route=%2Fwp%2Fv2%2Fproduct_tag&post=327"}],"curies":[{"name":"wp","href":"https:\/\/api.w.org\/{rel}","templated":true}]}}