{"id":223,"date":"2024-06-10T11:30:52","date_gmt":"2024-06-10T11:30:52","guid":{"rendered":"https:\/\/veteranmade.dk\/?post_type=product&#038;p=223"},"modified":"2024-06-10T11:30:52","modified_gmt":"2024-06-10T11:30:52","slug":"halskaede-m-projektil","status":"publish","type":"product","link":"https:\/\/veteranmade.dk\/?product=halskaede-m-projektil","title":{"rendered":"Halsk\u00e6de m. projektil"},"content":{"rendered":"<p>Halsk\u00e6de monteret med projektil.<\/p>\n<p>Laves i ass. farve paracord (faldsk\u00e6rmsline) og er justerbar, s\u00e5ledes halsk\u00e6den passer til de fleste.<\/p>\n","protected":false},"excerpt":{"rendered":"<p>Halsk\u00e6de monteret med projektil. Laves i ass. farve paracord (faldsk\u00e6rmsline) og er justerbar, s\u00e5ledes halsk\u00e6den passer til de fleste.<\/p>\n","protected":false},"featured_media":224,"template":"","meta":[],"product_brand":[],"product_cat":[22,24,23],"product_tag":[],"class_list":{"0":"post-223","1":"product","2":"type-product","3":"status-publish","4":"has-post-thumbnail","6":"product_cat-gaveartikler","7":"product_cat-til-soldaten","8":"product_cat-til-jaegeren","10":"first","11":"instock","12":"shipping-taxable","13":"purchasable","14":"product-type-simple"},"_links":{"self":[{"href":"https:\/\/veteranmade.dk\/index.php?rest_route=\/wp\/v2\/product\/223","targetHints":{"allow":["GET"]}}],"collection":[{"href":"https:\/\/veteranmade.dk\/index.php?rest_route=\/wp\/v2\/product"}],"about":[{"href":"https:\/\/veteranmade.dk\/index.php?rest_route=\/wp\/v2\/types\/product"}],"wp:featuredmedia":[{"embeddable":true,"href":"https:\/\/veteranmade.dk\/index.php?rest_route=\/wp\/v2\/media\/224"}],"wp:attachment":[{"href":"https:\/\/veteranmade.dk\/index.php?rest_route=%2Fwp%2Fv2%2Fmedia&parent=223"}],"wp:term":[{"taxonomy":"product_brand","embeddable":true,"href":"https:\/\/veteranmade.dk\/index.php?rest_route=%2Fwp%2Fv2%2Fproduct_brand&post=223"},{"taxonomy":"product_cat","embeddable":true,"href":"https:\/\/veteranmade.dk\/index.php?rest_route=%2Fwp%2Fv2%2Fproduct_cat&post=223"},{"taxonomy":"product_tag","embeddable":true,"href":"https:\/\/veteranmade.dk\/index.php?rest_route=%2Fwp%2Fv2%2Fproduct_tag&post=223"}],"curies":[{"name":"wp","href":"https:\/\/api.w.org\/{rel}","templated":true}]}}