{"id":216,"date":"2024-06-10T06:38:29","date_gmt":"2024-06-10T06:38:29","guid":{"rendered":"https:\/\/veteranmade.dk\/?post_type=product&#038;p=216"},"modified":"2025-02-12T06:42:50","modified_gmt":"2025-02-12T06:42:50","slug":"laeder-omslag-til-mayland-kalender","status":"publish","type":"product","link":"https:\/\/veteranmade.dk\/?product=laeder-omslag-til-mayland-kalender","title":{"rendered":"L\u00e6der omslag til Mayland kalender"},"content":{"rendered":"<p>Eksklusivt L\u00e6deromslag til Mayland Spiral-kalender<\/p>\n<p>Giv din Mayland spiralkalender et stilfuldt og personligt udtryk med vores unikke l\u00e6deromslag. H\u00e5ndlavet med omhu og pr\u00e6cision i Danmark, dette omslag kombinerer klassisk design med funktionel elegance.<\/p>\n<p>Farvevalg: V\u00e6lg mellem natur, brun, m\u00f8rk brun og sort \u2013 farver, der kun bliver smukkere med tiden og f\u00e5r en patina, der fort\u00e6ller din historie.<br \/>\nFunktionelt design: Udstyret med en praktisk magnetlukning, der beskytter din kalender og holder den sikkert lukket, uanset hvor du har den med.<br \/>\n\u00c6gte l\u00e6der: Fremstillet af kvalitetsl\u00e6der, som sikrer lang holdbarhed og et tidl\u00f8st udtryk.<\/p>\n<p>Dette l\u00e6deromslag er perfekt til dig, der \u00f8nsker en funktionel kalender med et personligt og h\u00e5ndlavet pr\u00e6g.<\/p>\n<p>Bem\u00e6rk: Kalender medf\u00f8lger ikke.<\/p>\n<p>H\u00f8jde: 19,5 cm<br \/>\nBredde: 15 cm<br \/>\nTykkelse: 3 cm<\/p>\n","protected":false},"excerpt":{"rendered":"<p>Eksklusivt L\u00e6deromslag til Mayland Spiral-kalender Giv din Mayland spiralkalender et stilfuldt og personligt udtryk med vores unikke l\u00e6deromslag. H\u00e5ndlavet med omhu og pr\u00e6cision i Danmark, dette omslag kombinerer klassisk design med funktionel elegance. Farvevalg: V\u00e6lg &hellip;<\/p>\n","protected":false},"featured_media":221,"template":"","meta":[],"product_brand":[],"product_cat":[22,65,64],"product_tag":[],"class_list":{"0":"post-216","1":"product","2":"type-product","3":"status-publish","4":"has-post-thumbnail","6":"product_cat-gaveartikler","7":"product_cat-til-hjemmet","8":"product_cat-til-kontoret","10":"first","11":"instock","12":"shipping-taxable","13":"purchasable","14":"product-type-variable"},"_links":{"self":[{"href":"https:\/\/veteranmade.dk\/index.php?rest_route=\/wp\/v2\/product\/216","targetHints":{"allow":["GET"]}}],"collection":[{"href":"https:\/\/veteranmade.dk\/index.php?rest_route=\/wp\/v2\/product"}],"about":[{"href":"https:\/\/veteranmade.dk\/index.php?rest_route=\/wp\/v2\/types\/product"}],"wp:featuredmedia":[{"embeddable":true,"href":"https:\/\/veteranmade.dk\/index.php?rest_route=\/wp\/v2\/media\/221"}],"wp:attachment":[{"href":"https:\/\/veteranmade.dk\/index.php?rest_route=%2Fwp%2Fv2%2Fmedia&parent=216"}],"wp:term":[{"taxonomy":"product_brand","embeddable":true,"href":"https:\/\/veteranmade.dk\/index.php?rest_route=%2Fwp%2Fv2%2Fproduct_brand&post=216"},{"taxonomy":"product_cat","embeddable":true,"href":"https:\/\/veteranmade.dk\/index.php?rest_route=%2Fwp%2Fv2%2Fproduct_cat&post=216"},{"taxonomy":"product_tag","embeddable":true,"href":"https:\/\/veteranmade.dk\/index.php?rest_route=%2Fwp%2Fv2%2Fproduct_tag&post=216"}],"curies":[{"name":"wp","href":"https:\/\/api.w.org\/{rel}","templated":true}]}}