{"id":209,"date":"2024-06-08T09:34:38","date_gmt":"2024-06-08T09:34:38","guid":{"rendered":"https:\/\/veteranmade.dk\/?post_type=product&#038;p=209"},"modified":"2026-03-04T11:13:29","modified_gmt":"2026-03-04T11:13:29","slug":"notesbog-a6","status":"publish","type":"product","link":"https:\/\/veteranmade.dk\/?product=notesbog-a6","title":{"rendered":"Notesbog A6"},"content":{"rendered":"<p>Omslag til notesbog str A6. Med magnet lukning samt holder til kuglepen.<\/p>\n<p>Lavet i det l\u00e6kreste l\u00e6der.<br \/>\nSom med alt andet, er dette omslag lavet i h\u00e5nden. Lige fra m\u00f8nster og udsk\u00e6reing til syning med sadelmagersting.<\/p>\n<p>Notesbog medf\u00f8lger Viste kuglepen medf\u00f8lger ikke.<\/p>\n<p>Leveringstid er 2-4 uger<\/p>\n<p>M\u00e5l:<br \/>\nH\u00f8jde: 17,5 cm<br \/>\nBredde: 12 cm<br \/>\nTykkelse: 2 cm <\/p>\n","protected":false},"excerpt":{"rendered":"<p>Omslag til notesbog str A6. Med magnet lukning samt holder til kuglepen. Lavet i det l\u00e6kreste l\u00e6der. Som med alt andet, er dette omslag lavet i h\u00e5nden. Lige fra m\u00f8nster og udsk\u00e6reing til syning med &hellip;<\/p>\n","protected":false},"featured_media":214,"template":"","meta":[],"product_brand":[],"product_cat":[22,64],"product_tag":[],"class_list":{"0":"post-209","1":"product","2":"type-product","3":"status-publish","4":"has-post-thumbnail","6":"product_cat-gaveartikler","7":"product_cat-til-kontoret","9":"first","10":"instock","11":"shipping-taxable","12":"purchasable","13":"product-type-variable"},"_links":{"self":[{"href":"https:\/\/veteranmade.dk\/index.php?rest_route=\/wp\/v2\/product\/209","targetHints":{"allow":["GET"]}}],"collection":[{"href":"https:\/\/veteranmade.dk\/index.php?rest_route=\/wp\/v2\/product"}],"about":[{"href":"https:\/\/veteranmade.dk\/index.php?rest_route=\/wp\/v2\/types\/product"}],"wp:featuredmedia":[{"embeddable":true,"href":"https:\/\/veteranmade.dk\/index.php?rest_route=\/wp\/v2\/media\/214"}],"wp:attachment":[{"href":"https:\/\/veteranmade.dk\/index.php?rest_route=%2Fwp%2Fv2%2Fmedia&parent=209"}],"wp:term":[{"taxonomy":"product_brand","embeddable":true,"href":"https:\/\/veteranmade.dk\/index.php?rest_route=%2Fwp%2Fv2%2Fproduct_brand&post=209"},{"taxonomy":"product_cat","embeddable":true,"href":"https:\/\/veteranmade.dk\/index.php?rest_route=%2Fwp%2Fv2%2Fproduct_cat&post=209"},{"taxonomy":"product_tag","embeddable":true,"href":"https:\/\/veteranmade.dk\/index.php?rest_route=%2Fwp%2Fv2%2Fproduct_tag&post=209"}],"curies":[{"name":"wp","href":"https:\/\/api.w.org\/{rel}","templated":true}]}}